{"id":1797,"date":"2020-11-10T16:23:30","date_gmt":"2020-11-10T13:23:30","guid":{"rendered":"https:\/\/odeme.evkaturizm.com\/?post_type=product&#038;p=1797"},"modified":"2022-04-27T16:54:20","modified_gmt":"2022-04-27T13:54:20","slug":"kredi-karti-ile-odeme","status":"publish","type":"product","link":"https:\/\/odeme.evkaturizm.com\/index.php\/product\/kredi-karti-ile-odeme\/","title":{"rendered":"Kredi Kart\u0131 \u0130le \u00d6deme"},"content":{"rendered":"<p>Evka Turizm Online \u00d6deme Sistemi<\/p>\n","protected":false},"excerpt":{"rendered":"<p>Evka Turizm Online \u00d6deme Sistemi<\/p>\n","protected":false},"featured_media":1798,"template":"","meta":[],"_links":{"self":[{"href":"https:\/\/odeme.evkaturizm.com\/index.php\/wp-json\/wp\/v2\/product\/1797"}],"collection":[{"href":"https:\/\/odeme.evkaturizm.com\/index.php\/wp-json\/wp\/v2\/product"}],"about":[{"href":"https:\/\/odeme.evkaturizm.com\/index.php\/wp-json\/wp\/v2\/types\/product"}],"wp:featuredmedia":[{"embeddable":true,"href":"https:\/\/odeme.evkaturizm.com\/index.php\/wp-json\/wp\/v2\/media\/1798"}],"wp:attachment":[{"href":"https:\/\/odeme.evkaturizm.com\/index.php\/wp-json\/wp\/v2\/media?parent=1797"}],"curies":[{"name":"wp","href":"https:\/\/api.w.org\/{rel}","templated":true}]}}